{"id":87,"date":"2019-01-23T13:25:49","date_gmt":"2019-01-23T13:25:49","guid":{"rendered":"https:\/\/venerra.com\/index.php\/product\/money-plant\/"},"modified":"2024-06-20T21:47:46","modified_gmt":"2024-06-20T19:47:46","slug":"oysho-jogger","status":"publish","type":"product","link":"https:\/\/venerra.com\/index.php\/product\/oysho-jogger\/","title":{"rendered":"Oysho Jogger"},"content":{"rendered":"<p>Sastav materijala:<\/p>\n<ul>\n<li>72% modal<\/li>\n<li>22% poliester<\/li>\n<li>6% elastin<\/li>\n<\/ul>\n<p><img decoding=\"async\" class=\"product-care-details__image\" src=\"https:\/\/static.oysho.net\/6\/static2\/images\/cares\/ginetex\/7.png\" alt=\"MACHINE WASH UP TO 30\u00baC\/86\u00baF GENTLE CYCLE\" width=\"29\" height=\"26\" \/> perite u ma\u0161ini za ve\u0161 na (do) <span class=\"product-care-details__description\">30\u00bac\/86\u00baf<\/span><\/p>\n<p><img decoding=\"async\" class=\"product-care-details__image\" src=\"https:\/\/static.oysho.net\/6\/static2\/images\/cares\/ginetex\/14.png\" alt=\"DO NOT BLEACH\" width=\"28\" height=\"28\" \/>ne koristite izbeljiva\u010de<\/p>\n<p><img decoding=\"async\" class=\"product-care-details__image\" src=\"https:\/\/static.oysho.net\/6\/static2\/images\/cares\/ginetex\/18.png\" alt=\"IRON UP TO 110\u00baC\/230\u00baF\" width=\"27\" height=\"23\" \/> peglanje do<span class=\"product-care-details__description\">\u00a0110\u00bac\/230\u00baf<\/span><\/p>\n<p><img loading=\"lazy\" decoding=\"async\" class=\"product-care-details__image\" src=\"https:\/\/static.oysho.net\/6\/static2\/images\/cares\/ginetex\/28.png\" alt=\"DO NOT DRY CLEAN\" width=\"26\" height=\"26\" \/>ne hemisjko \u010di\u0161\u0107enje<\/p>\n<p><img loading=\"lazy\" decoding=\"async\" class=\"product-care-details__image\" src=\"https:\/\/static.oysho.net\/6\/static2\/images\/cares\/ginetex\/35.png\" alt=\"DO NOT TUMBLE DRY\" width=\"27\" height=\"27\" \/>ne su\u0161iti u ma\u0161ini za su\u0161enje ve\u0161a<\/p>\n<p><img loading=\"lazy\" decoding=\"async\" class=\"product-care-details__image\" src=\"https:\/\/static.oysho.net\/6\/static2\/images\/cares\/ginetex\/61.png\" alt=\"WASH INSIDE OUT\" width=\"27\" height=\"26\" \/> prati proizvod naopako<\/p>\n","protected":false},"excerpt":{"rendered":"<p>Jogger od izuzetno mekanog materijala na dodir sa Modalom. Podesiv struk i lasti\u017e na nogavicama. Bo\u010dni d\u017eepovi.<\/p>\n","protected":false},"featured_media":2082,"comment_status":"open","ping_status":"closed","template":"","meta":{"site-sidebar-layout":"default","site-content-layout":"default","ast-site-content-layout":"default","site-content-style":"default","site-sidebar-style":"default","ast-global-header-display":"","ast-banner-title-visibility":"","ast-main-header-display":"","ast-hfb-above-header-display":"","ast-hfb-below-header-display":"","ast-hfb-mobile-header-display":"","site-post-title":"","ast-breadcrumbs-content":"","ast-featured-img":"","footer-sml-layout":"","theme-transparent-header-meta":"default","adv-header-id-meta":"","stick-header-meta":"","header-above-stick-meta":"","header-main-stick-meta":"","header-below-stick-meta":"","astra-migrate-meta-layouts":"set","ast-page-background-enabled":"default","ast-page-background-meta":{"desktop":{"background-color":"","background-image":"","background-repeat":"repeat","background-position":"center center","background-size":"auto","background-attachment":"scroll","background-type":"","background-media":"","overlay-type":"","overlay-color":"","overlay-opacity":"","overlay-gradient":""},"tablet":{"background-color":"","background-image":"","background-repeat":"repeat","background-position":"center center","background-size":"auto","background-attachment":"scroll","background-type":"","background-media":"","overlay-type":"","overlay-color":"","overlay-opacity":"","overlay-gradient":""},"mobile":{"background-color":"","background-image":"","background-repeat":"repeat","background-position":"center center","background-size":"auto","background-attachment":"scroll","background-type":"","background-media":"","overlay-type":"","overlay-color":"","overlay-opacity":"","overlay-gradient":""}},"ast-content-background-meta":{"desktop":{"background-color":"var(--ast-global-color-5)","background-image":"","background-repeat":"repeat","background-position":"center center","background-size":"auto","background-attachment":"scroll","background-type":"","background-media":"","overlay-type":"","overlay-color":"","overlay-opacity":"","overlay-gradient":""},"tablet":{"background-color":"var(--ast-global-color-5)","background-image":"","background-repeat":"repeat","background-position":"center center","background-size":"auto","background-attachment":"scroll","background-type":"","background-media":"","overlay-type":"","overlay-color":"","overlay-opacity":"","overlay-gradient":""},"mobile":{"background-color":"var(--ast-global-color-5)","background-image":"","background-repeat":"repeat","background-position":"center center","background-size":"auto","background-attachment":"scroll","background-type":"","background-media":"","overlay-type":"","overlay-color":"","overlay-opacity":"","overlay-gradient":""}}},"product_brand":[],"product_cat":[23],"product_tag":[36,35,37,38,34],"class_list":{"0":"post-87","1":"product","2":"type-product","3":"status-publish","4":"has-post-thumbnail","6":"product_cat-trenerke","7":"product_tag-crne","8":"product_tag-jogger","9":"product_tag-maslinaste","10":"product_tag-teget","11":"product_tag-trenerke","12":"desktop-align-left","13":"tablet-align-left","14":"mobile-align-left","16":"first","17":"instock","18":"featured","19":"shipping-taxable","20":"purchasable","21":"product-type-variable"},"_links":{"self":[{"href":"https:\/\/venerra.com\/index.php\/wp-json\/wp\/v2\/product\/87","targetHints":{"allow":["GET"]}}],"collection":[{"href":"https:\/\/venerra.com\/index.php\/wp-json\/wp\/v2\/product"}],"about":[{"href":"https:\/\/venerra.com\/index.php\/wp-json\/wp\/v2\/types\/product"}],"replies":[{"embeddable":true,"href":"https:\/\/venerra.com\/index.php\/wp-json\/wp\/v2\/comments?post=87"}],"wp:featuredmedia":[{"embeddable":true,"href":"https:\/\/venerra.com\/index.php\/wp-json\/wp\/v2\/media\/2082"}],"wp:attachment":[{"href":"https:\/\/venerra.com\/index.php\/wp-json\/wp\/v2\/media?parent=87"}],"wp:term":[{"taxonomy":"product_brand","embeddable":true,"href":"https:\/\/venerra.com\/index.php\/wp-json\/wp\/v2\/product_brand?post=87"},{"taxonomy":"product_cat","embeddable":true,"href":"https:\/\/venerra.com\/index.php\/wp-json\/wp\/v2\/product_cat?post=87"},{"taxonomy":"product_tag","embeddable":true,"href":"https:\/\/venerra.com\/index.php\/wp-json\/wp\/v2\/product_tag?post=87"}],"curies":[{"name":"wp","href":"https:\/\/api.w.org\/{rel}","templated":true}]}}