{"id":84,"date":"2019-01-23T13:20:21","date_gmt":"2019-01-23T13:20:21","guid":{"rendered":"https:\/\/venerra.com\/index.php\/product\/green-soil-lotus\/"},"modified":"2024-04-18T01:45:24","modified_gmt":"2024-04-17T23:45:24","slug":"termo-trenerke","status":"publish","type":"product","link":"https:\/\/venerra.com\/index.php\/product\/termo-trenerke\/","title":{"rendered":"Termo Trenerke"},"content":{"rendered":"<p>Sastav Materijala:<\/p>\n<ul>\n<li>Viskoza<\/li>\n<li>Pamuk<\/li>\n<\/ul>\n<p><img decoding=\"async\" class=\"product-care-details__image\" src=\"https:\/\/static.oysho.net\/6\/static2\/images\/cares\/ginetex\/7.png\" alt=\"MACHINE WASH UP TO 30\u00baC\/86\u00baF GENTLE CYCLE\" width=\"29\" height=\"26\" \/> perite u ma\u0161ini za ve\u0161 na (do) <span class=\"product-care-details__description\">30\u00bac\/86\u00baf<\/span><\/p>\n<p><img decoding=\"async\" class=\"product-care-details__image\" src=\"https:\/\/static.oysho.net\/6\/static2\/images\/cares\/ginetex\/14.png\" alt=\"DO NOT BLEACH\" width=\"28\" height=\"28\" \/>ne koristite izbeljiva\u010de<\/p>\n<p><img decoding=\"async\" class=\"product-care-details__image\" src=\"https:\/\/static.oysho.net\/6\/static2\/images\/cares\/ginetex\/28.png\" alt=\"DO NOT DRY CLEAN\" width=\"26\" height=\"26\" \/>ne hemisjko \u010di\u0161\u0107enje<\/p>\n<p><img loading=\"lazy\" decoding=\"async\" class=\"product-care-details__image\" src=\"https:\/\/static.oysho.net\/6\/static2\/images\/cares\/ginetex\/35.png\" alt=\"DO NOT TUMBLE DRY\" width=\"27\" height=\"27\" \/>ne su\u0161iti u ma\u0161ini za su\u0161enje ve\u0161a<\/p>\n<p><img loading=\"lazy\" decoding=\"async\" class=\"product-care-details__image\" src=\"https:\/\/static.oysho.net\/6\/static2\/images\/cares\/ginetex\/61.png\" alt=\"WASH INSIDE OUT\" width=\"27\" height=\"26\" \/> prati proizvod naopako<\/p>\n","protected":false},"excerpt":{"rendered":"<p>Tople i udobne \u017eenske trenerke u kojima ti ne\u0107e biti hladno. Ne iritiraju ko\u017eu. Imaju podesiv struk i lasti\u017e na nogavicama.<\/p>\n","protected":false},"featured_media":1900,"comment_status":"open","ping_status":"closed","template":"","meta":{"site-sidebar-layout":"default","site-content-layout":"default","ast-site-content-layout":"default","site-content-style":"default","site-sidebar-style":"default","ast-global-header-display":"","ast-banner-title-visibility":"","ast-main-header-display":"","ast-hfb-above-header-display":"","ast-hfb-below-header-display":"","ast-hfb-mobile-header-display":"","site-post-title":"","ast-breadcrumbs-content":"","ast-featured-img":"","footer-sml-layout":"","theme-transparent-header-meta":"default","adv-header-id-meta":"","stick-header-meta":"","header-above-stick-meta":"","header-main-stick-meta":"","header-below-stick-meta":"","astra-migrate-meta-layouts":"set","ast-page-background-enabled":"default","ast-page-background-meta":{"desktop":{"background-color":"","background-image":"","background-repeat":"repeat","background-position":"center center","background-size":"auto","background-attachment":"scroll","background-type":"","background-media":"","overlay-type":"","overlay-color":"","overlay-opacity":"","overlay-gradient":""},"tablet":{"background-color":"","background-image":"","background-repeat":"repeat","background-position":"center center","background-size":"auto","background-attachment":"scroll","background-type":"","background-media":"","overlay-type":"","overlay-color":"","overlay-opacity":"","overlay-gradient":""},"mobile":{"background-color":"","background-image":"","background-repeat":"repeat","background-position":"center center","background-size":"auto","background-attachment":"scroll","background-type":"","background-media":"","overlay-type":"","overlay-color":"","overlay-opacity":"","overlay-gradient":""}},"ast-content-background-meta":{"desktop":{"background-color":"var(--ast-global-color-5)","background-image":"","background-repeat":"repeat","background-position":"center center","background-size":"auto","background-attachment":"scroll","background-type":"","background-media":"","overlay-type":"","overlay-color":"","overlay-opacity":"","overlay-gradient":""},"tablet":{"background-color":"var(--ast-global-color-5)","background-image":"","background-repeat":"repeat","background-position":"center center","background-size":"auto","background-attachment":"scroll","background-type":"","background-media":"","overlay-type":"","overlay-color":"","overlay-opacity":"","overlay-gradient":""},"mobile":{"background-color":"var(--ast-global-color-5)","background-image":"","background-repeat":"repeat","background-position":"center center","background-size":"auto","background-attachment":"scroll","background-type":"","background-media":"","overlay-type":"","overlay-color":"","overlay-opacity":"","overlay-gradient":""}}},"product_brand":[],"product_cat":[23],"product_tag":[53,55,56,54,52,34,51],"class_list":{"0":"post-84","1":"product","2":"type-product","3":"status-publish","4":"has-post-thumbnail","6":"product_cat-trenerke","7":"product_tag-bela","8":"product_tag-bez","9":"product_tag-crna","10":"product_tag-pink","11":"product_tag-termo-trenerke","12":"product_tag-trenerke","13":"product_tag-zenske-trenerke","14":"desktop-align-left","15":"tablet-align-left","16":"mobile-align-left","18":"first","19":"instock","20":"sale","21":"shipping-taxable","22":"purchasable","23":"product-type-variable"},"_links":{"self":[{"href":"https:\/\/venerra.com\/index.php\/wp-json\/wp\/v2\/product\/84","targetHints":{"allow":["GET"]}}],"collection":[{"href":"https:\/\/venerra.com\/index.php\/wp-json\/wp\/v2\/product"}],"about":[{"href":"https:\/\/venerra.com\/index.php\/wp-json\/wp\/v2\/types\/product"}],"replies":[{"embeddable":true,"href":"https:\/\/venerra.com\/index.php\/wp-json\/wp\/v2\/comments?post=84"}],"wp:featuredmedia":[{"embeddable":true,"href":"https:\/\/venerra.com\/index.php\/wp-json\/wp\/v2\/media\/1900"}],"wp:attachment":[{"href":"https:\/\/venerra.com\/index.php\/wp-json\/wp\/v2\/media?parent=84"}],"wp:term":[{"taxonomy":"product_brand","embeddable":true,"href":"https:\/\/venerra.com\/index.php\/wp-json\/wp\/v2\/product_brand?post=84"},{"taxonomy":"product_cat","embeddable":true,"href":"https:\/\/venerra.com\/index.php\/wp-json\/wp\/v2\/product_cat?post=84"},{"taxonomy":"product_tag","embeddable":true,"href":"https:\/\/venerra.com\/index.php\/wp-json\/wp\/v2\/product_tag?post=84"}],"curies":[{"name":"wp","href":"https:\/\/api.w.org\/{rel}","templated":true}]}}