{"id":81,"date":"2019-01-23T12:21:23","date_gmt":"2019-01-23T12:21:23","guid":{"rendered":"https:\/\/venerra.com\/index.php\/product\/mini-astrophytum\/"},"modified":"2026-04-29T20:16:20","modified_gmt":"2026-04-29T18:16:20","slug":"oysho","status":"publish","type":"product","link":"https:\/\/venerra.com\/index.php\/product\/oysho\/","title":{"rendered":"Oysho"},"content":{"rendered":"<p>Odr\u017eavanje:<\/p>\n<p><img decoding=\"async\" class=\"alignnone wp-image-2330\" src=\"https:\/\/venerra.com\/wp-content\/uploads\/2019\/01\/pranje-ikona.png\" alt=\"\" width=\"32\" height=\"29\" \/>perite u ma\u0161ini za ve\u0161 na (do) 30\u00bac\/86\u00baf<\/p>\n<p><img decoding=\"async\" class=\"alignnone wp-image-2331\" src=\"https:\/\/venerra.com\/wp-content\/uploads\/2019\/01\/izbeljivac-ikona.png\" alt=\"\" width=\"34\" height=\"34\" \/>ne koristite izbeljiva\u010de<\/p>\n<p><img decoding=\"async\" class=\"alignnone wp-image-2332\" src=\"https:\/\/venerra.com\/wp-content\/uploads\/2019\/01\/hemijsko-ikona.png\" alt=\"\" width=\"34\" height=\"34\" \/>ne hemisjko \u010di\u0161\u0107enje<\/p>\n<p><img loading=\"lazy\" decoding=\"async\" class=\"alignnone wp-image-2333\" src=\"https:\/\/venerra.com\/wp-content\/uploads\/2019\/01\/masina-susenje-ikona.png\" alt=\"\" width=\"34\" height=\"34\" \/>ne su\u0161iti u ma\u0161ini za su\u0161enje ve\u0161a<\/p>\n<p><img loading=\"lazy\" decoding=\"async\" class=\"alignnone wp-image-2334\" src=\"https:\/\/venerra.com\/wp-content\/uploads\/2019\/01\/naopako-ikona.png\" alt=\"\" width=\"34\" height=\"32\" \/>prati proizvod naopako<\/p>\n","protected":false},"excerpt":{"rendered":"<p>Lagane helanke, meke na dodir, visoko rastegljiva tkanina koja pru\u017ea udobnost bez ograni\u010denja kretanja. Visoki struk.<\/p>\n","protected":false},"featured_media":2116,"comment_status":"open","ping_status":"closed","template":"","meta":{"site-sidebar-layout":"default","site-content-layout":"default","ast-site-content-layout":"default","site-content-style":"default","site-sidebar-style":"default","ast-global-header-display":"","ast-banner-title-visibility":"","ast-main-header-display":"","ast-hfb-above-header-display":"","ast-hfb-below-header-display":"","ast-hfb-mobile-header-display":"","site-post-title":"","ast-breadcrumbs-content":"","ast-featured-img":"","footer-sml-layout":"","theme-transparent-header-meta":"default","adv-header-id-meta":"","stick-header-meta":"","header-above-stick-meta":"","header-main-stick-meta":"","header-below-stick-meta":"","astra-migrate-meta-layouts":"set","ast-page-background-enabled":"default","ast-page-background-meta":{"desktop":{"background-color":"","background-image":"","background-repeat":"repeat","background-position":"center center","background-size":"auto","background-attachment":"scroll","background-type":"","background-media":"","overlay-type":"","overlay-color":"","overlay-opacity":"","overlay-gradient":""},"tablet":{"background-color":"","background-image":"","background-repeat":"repeat","background-position":"center center","background-size":"auto","background-attachment":"scroll","background-type":"","background-media":"","overlay-type":"","overlay-color":"","overlay-opacity":"","overlay-gradient":""},"mobile":{"background-color":"","background-image":"","background-repeat":"repeat","background-position":"center center","background-size":"auto","background-attachment":"scroll","background-type":"","background-media":"","overlay-type":"","overlay-color":"","overlay-opacity":"","overlay-gradient":""}},"ast-content-background-meta":{"desktop":{"background-color":"var(--ast-global-color-5)","background-image":"","background-repeat":"repeat","background-position":"center center","background-size":"auto","background-attachment":"scroll","background-type":"","background-media":"","overlay-type":"","overlay-color":"","overlay-opacity":"","overlay-gradient":""},"tablet":{"background-color":"var(--ast-global-color-5)","background-image":"","background-repeat":"repeat","background-position":"center center","background-size":"auto","background-attachment":"scroll","background-type":"","background-media":"","overlay-type":"","overlay-color":"","overlay-opacity":"","overlay-gradient":""},"mobile":{"background-color":"var(--ast-global-color-5)","background-image":"","background-repeat":"repeat","background-position":"center center","background-size":"auto","background-attachment":"scroll","background-type":"","background-media":"","overlay-type":"","overlay-color":"","overlay-opacity":"","overlay-gradient":""}}},"product_brand":[],"product_cat":[21],"product_tag":[],"class_list":{"0":"post-81","1":"product","2":"type-product","3":"status-publish","4":"has-post-thumbnail","6":"product_cat-helanke","7":"desktop-align-left","8":"tablet-align-left","9":"mobile-align-left","11":"first","12":"instock","13":"sale","14":"shipping-taxable","15":"purchasable","16":"product-type-simple"},"_links":{"self":[{"href":"https:\/\/venerra.com\/index.php\/wp-json\/wp\/v2\/product\/81","targetHints":{"allow":["GET"]}}],"collection":[{"href":"https:\/\/venerra.com\/index.php\/wp-json\/wp\/v2\/product"}],"about":[{"href":"https:\/\/venerra.com\/index.php\/wp-json\/wp\/v2\/types\/product"}],"replies":[{"embeddable":true,"href":"https:\/\/venerra.com\/index.php\/wp-json\/wp\/v2\/comments?post=81"}],"wp:featuredmedia":[{"embeddable":true,"href":"https:\/\/venerra.com\/index.php\/wp-json\/wp\/v2\/media\/2116"}],"wp:attachment":[{"href":"https:\/\/venerra.com\/index.php\/wp-json\/wp\/v2\/media?parent=81"}],"wp:term":[{"taxonomy":"product_brand","embeddable":true,"href":"https:\/\/venerra.com\/index.php\/wp-json\/wp\/v2\/product_brand?post=81"},{"taxonomy":"product_cat","embeddable":true,"href":"https:\/\/venerra.com\/index.php\/wp-json\/wp\/v2\/product_cat?post=81"},{"taxonomy":"product_tag","embeddable":true,"href":"https:\/\/venerra.com\/index.php\/wp-json\/wp\/v2\/product_tag?post=81"}],"curies":[{"name":"wp","href":"https:\/\/api.w.org\/{rel}","templated":true}]}}