{"id":80,"date":"2019-01-23T12:20:04","date_gmt":"2019-01-23T12:20:04","guid":{"rendered":"https:\/\/venerra.com\/index.php\/product\/star-cactus\/"},"modified":"2024-06-20T21:54:17","modified_gmt":"2024-06-20T19:54:17","slug":"star-cactus","status":"publish","type":"product","link":"https:\/\/venerra.com\/index.php\/product\/star-cactus\/","title":{"rendered":"Helanke Tina"},"content":{"rendered":"<p>Materijal koji imitira eko ko\u017eu.<\/p>\n<p>Odr\u017eavanje materijala:<\/p>\n<p><img decoding=\"async\" class=\"product-care-details__image\" src=\"https:\/\/static.oysho.net\/6\/static2\/images\/cares\/ginetex\/7.png\" alt=\"MACHINE WASH UP TO 30\u00baC\/86\u00baF GENTLE CYCLE\" width=\"29\" height=\"26\" \/> perite u ma\u0161ini za ve\u0161 na (do) <span class=\"product-care-details__description\">30\u00bac\/86\u00baf<\/span><\/p>\n<p><img decoding=\"async\" class=\"product-care-details__image\" src=\"https:\/\/static.oysho.net\/6\/static2\/images\/cares\/ginetex\/14.png\" alt=\"DO NOT BLEACH\" width=\"28\" height=\"28\" \/>ne koristite izbeljiva\u010de<\/p>\n<p><img decoding=\"async\" class=\"product-care-details__image\" src=\"https:\/\/static.oysho.net\/6\/static2\/images\/cares\/ginetex\/28.png\" alt=\"DO NOT DRY CLEAN\" width=\"26\" height=\"26\" \/>ne hemisjko \u010di\u0161\u0107enje<\/p>\n<p><img loading=\"lazy\" decoding=\"async\" class=\"product-care-details__image\" src=\"https:\/\/static.oysho.net\/6\/static2\/images\/cares\/ginetex\/35.png\" alt=\"DO NOT TUMBLE DRY\" width=\"27\" height=\"27\" \/>ne su\u0161iti u ma\u0161ini za su\u0161enje ve\u0161a<\/p>\n<p><img loading=\"lazy\" decoding=\"async\" class=\"product-care-details__image\" src=\"https:\/\/static.oysho.net\/6\/static2\/images\/cares\/ginetex\/61.png\" alt=\"WASH INSIDE OUT\" width=\"27\" height=\"26\" \/> prati proizvod naopako<\/p>\n","protected":false},"excerpt":{"rendered":"<p>Sjajan efekat eko ko\u017ee. Mekane i udobne helanke.<\/p>\n","protected":false},"featured_media":2179,"comment_status":"open","ping_status":"closed","template":"","meta":{"site-sidebar-layout":"default","site-content-layout":"default","ast-site-content-layout":"default","site-content-style":"default","site-sidebar-style":"default","ast-global-header-display":"","ast-banner-title-visibility":"","ast-main-header-display":"","ast-hfb-above-header-display":"","ast-hfb-below-header-display":"","ast-hfb-mobile-header-display":"","site-post-title":"","ast-breadcrumbs-content":"","ast-featured-img":"","footer-sml-layout":"","theme-transparent-header-meta":"default","adv-header-id-meta":"","stick-header-meta":"","header-above-stick-meta":"","header-main-stick-meta":"","header-below-stick-meta":"","astra-migrate-meta-layouts":"set","ast-page-background-enabled":"default","ast-page-background-meta":{"desktop":{"background-color":"","background-image":"","background-repeat":"repeat","background-position":"center center","background-size":"auto","background-attachment":"scroll","background-type":"","background-media":"","overlay-type":"","overlay-color":"","overlay-opacity":"","overlay-gradient":""},"tablet":{"background-color":"","background-image":"","background-repeat":"repeat","background-position":"center center","background-size":"auto","background-attachment":"scroll","background-type":"","background-media":"","overlay-type":"","overlay-color":"","overlay-opacity":"","overlay-gradient":""},"mobile":{"background-color":"","background-image":"","background-repeat":"repeat","background-position":"center center","background-size":"auto","background-attachment":"scroll","background-type":"","background-media":"","overlay-type":"","overlay-color":"","overlay-opacity":"","overlay-gradient":""}},"ast-content-background-meta":{"desktop":{"background-color":"var(--ast-global-color-5)","background-image":"","background-repeat":"repeat","background-position":"center center","background-size":"auto","background-attachment":"scroll","background-type":"","background-media":"","overlay-type":"","overlay-color":"","overlay-opacity":"","overlay-gradient":""},"tablet":{"background-color":"var(--ast-global-color-5)","background-image":"","background-repeat":"repeat","background-position":"center center","background-size":"auto","background-attachment":"scroll","background-type":"","background-media":"","overlay-type":"","overlay-color":"","overlay-opacity":"","overlay-gradient":""},"mobile":{"background-color":"var(--ast-global-color-5)","background-image":"","background-repeat":"repeat","background-position":"center center","background-size":"auto","background-attachment":"scroll","background-type":"","background-media":"","overlay-type":"","overlay-color":"","overlay-opacity":"","overlay-gradient":""}}},"product_brand":[],"product_cat":[21],"product_tag":[],"class_list":{"0":"post-80","1":"product","2":"type-product","3":"status-publish","4":"has-post-thumbnail","6":"product_cat-helanke","7":"desktop-align-left","8":"tablet-align-left","9":"mobile-align-left","11":"first","12":"instock","13":"sale","14":"featured","15":"shipping-taxable","16":"purchasable","17":"product-type-variable"},"_links":{"self":[{"href":"https:\/\/venerra.com\/index.php\/wp-json\/wp\/v2\/product\/80","targetHints":{"allow":["GET"]}}],"collection":[{"href":"https:\/\/venerra.com\/index.php\/wp-json\/wp\/v2\/product"}],"about":[{"href":"https:\/\/venerra.com\/index.php\/wp-json\/wp\/v2\/types\/product"}],"replies":[{"embeddable":true,"href":"https:\/\/venerra.com\/index.php\/wp-json\/wp\/v2\/comments?post=80"}],"wp:featuredmedia":[{"embeddable":true,"href":"https:\/\/venerra.com\/index.php\/wp-json\/wp\/v2\/media\/2179"}],"wp:attachment":[{"href":"https:\/\/venerra.com\/index.php\/wp-json\/wp\/v2\/media?parent=80"}],"wp:term":[{"taxonomy":"product_brand","embeddable":true,"href":"https:\/\/venerra.com\/index.php\/wp-json\/wp\/v2\/product_brand?post=80"},{"taxonomy":"product_cat","embeddable":true,"href":"https:\/\/venerra.com\/index.php\/wp-json\/wp\/v2\/product_cat?post=80"},{"taxonomy":"product_tag","embeddable":true,"href":"https:\/\/venerra.com\/index.php\/wp-json\/wp\/v2\/product_tag?post=80"}],"curies":[{"name":"wp","href":"https:\/\/api.w.org\/{rel}","templated":true}]}}