{"id":53,"date":"2019-01-23T11:22:40","date_gmt":"2019-01-23T11:22:40","guid":{"rendered":"https:\/\/venerra.com\/index.php\/product\/ball-cactus\/"},"modified":"2026-04-29T19:15:24","modified_gmt":"2026-04-29T17:15:24","slug":"rebraste-helanke","status":"publish","type":"product","link":"https:\/\/venerra.com\/index.php\/product\/rebraste-helanke\/","title":{"rendered":"Rebraste Helanke"},"content":{"rendered":"<p>Odr\u017eavanje:<\/p>\n<p><img decoding=\"async\" class=\"product-care-details__image\" src=\"https:\/\/static.oysho.net\/6\/static2\/images\/cares\/ginetex\/7.png\" alt=\"MACHINE WASH UP TO 30\u00baC\/86\u00baF GENTLE CYCLE\" width=\"29\" height=\"26\" \/> perite u ma\u0161ini za ve\u0161 na (do) <span class=\"product-care-details__description\">30\u00bac\/86\u00baf<\/span><\/p>\n<p><img decoding=\"async\" class=\"product-care-details__image\" src=\"https:\/\/static.oysho.net\/6\/static2\/images\/cares\/ginetex\/14.png\" alt=\"DO NOT BLEACH\" width=\"28\" height=\"28\" \/>ne koristite izbeljiva\u010de<\/p>\n<p><img decoding=\"async\" class=\"product-care-details__image\" src=\"https:\/\/static.oysho.net\/6\/static2\/images\/cares\/ginetex\/28.png\" alt=\"DO NOT DRY CLEAN\" width=\"26\" height=\"26\" \/>ne hemisjko \u010di\u0161\u0107enje<\/p>\n<p><img loading=\"lazy\" decoding=\"async\" class=\"product-care-details__image\" src=\"https:\/\/static.oysho.net\/6\/static2\/images\/cares\/ginetex\/35.png\" alt=\"DO NOT TUMBLE DRY\" width=\"27\" height=\"27\" \/>ne su\u0161iti u ma\u0161ini za su\u0161enje ve\u0161a<\/p>\n<p><img loading=\"lazy\" decoding=\"async\" class=\"product-care-details__image\" src=\"https:\/\/static.oysho.net\/6\/static2\/images\/cares\/ginetex\/61.png\" alt=\"WASH INSIDE OUT\" width=\"27\" height=\"26\" \/> prati proizvod naopako<\/p>\n","protected":false},"excerpt":{"rendered":"<p>Najpopularniji model koji svi obo\u017eavaju. Zbog specifi\u010dnosti materijala pogodne su i za vru\u0107e letnje dane, lagane su za obla\u010denje i ne provide se.<\/p>\n","protected":false},"featured_media":2170,"comment_status":"open","ping_status":"closed","template":"","meta":{"site-sidebar-layout":"default","site-content-layout":"default","ast-site-content-layout":"default","site-content-style":"default","site-sidebar-style":"default","ast-global-header-display":"","ast-banner-title-visibility":"","ast-main-header-display":"","ast-hfb-above-header-display":"","ast-hfb-below-header-display":"","ast-hfb-mobile-header-display":"","site-post-title":"","ast-breadcrumbs-content":"","ast-featured-img":"","footer-sml-layout":"","theme-transparent-header-meta":"default","adv-header-id-meta":"","stick-header-meta":"","header-above-stick-meta":"","header-main-stick-meta":"","header-below-stick-meta":"","astra-migrate-meta-layouts":"set","ast-page-background-enabled":"default","ast-page-background-meta":{"desktop":{"background-color":"","background-image":"","background-repeat":"repeat","background-position":"center center","background-size":"auto","background-attachment":"scroll","background-type":"","background-media":"","overlay-type":"","overlay-color":"","overlay-opacity":"","overlay-gradient":""},"tablet":{"background-color":"","background-image":"","background-repeat":"repeat","background-position":"center center","background-size":"auto","background-attachment":"scroll","background-type":"","background-media":"","overlay-type":"","overlay-color":"","overlay-opacity":"","overlay-gradient":""},"mobile":{"background-color":"","background-image":"","background-repeat":"repeat","background-position":"center center","background-size":"auto","background-attachment":"scroll","background-type":"","background-media":"","overlay-type":"","overlay-color":"","overlay-opacity":"","overlay-gradient":""}},"ast-content-background-meta":{"desktop":{"background-color":"var(--ast-global-color-5)","background-image":"","background-repeat":"repeat","background-position":"center center","background-size":"auto","background-attachment":"scroll","background-type":"","background-media":"","overlay-type":"","overlay-color":"","overlay-opacity":"","overlay-gradient":""},"tablet":{"background-color":"var(--ast-global-color-5)","background-image":"","background-repeat":"repeat","background-position":"center center","background-size":"auto","background-attachment":"scroll","background-type":"","background-media":"","overlay-type":"","overlay-color":"","overlay-opacity":"","overlay-gradient":""},"mobile":{"background-color":"var(--ast-global-color-5)","background-image":"","background-repeat":"repeat","background-position":"center center","background-size":"auto","background-attachment":"scroll","background-type":"","background-media":"","overlay-type":"","overlay-color":"","overlay-opacity":"","overlay-gradient":""}}},"product_brand":[],"product_cat":[21],"product_tag":[55,70,56,64,69,66,65,63,67,68,38],"class_list":{"0":"post-53","1":"product","2":"type-product","3":"status-publish","4":"has-post-thumbnail","6":"product_cat-helanke","7":"product_tag-bez","8":"product_tag-braon","9":"product_tag-crna","10":"product_tag-helanke","11":"product_tag-krem","12":"product_tag-plava","13":"product_tag-rebrasta-likra","14":"product_tag-rebraste-helanke","15":"product_tag-roza","16":"product_tag-siva","17":"product_tag-teget","18":"desktop-align-left","19":"tablet-align-left","20":"mobile-align-left","22":"first","23":"instock","24":"shipping-taxable","25":"purchasable","26":"product-type-variable"},"_links":{"self":[{"href":"https:\/\/venerra.com\/index.php\/wp-json\/wp\/v2\/product\/53","targetHints":{"allow":["GET"]}}],"collection":[{"href":"https:\/\/venerra.com\/index.php\/wp-json\/wp\/v2\/product"}],"about":[{"href":"https:\/\/venerra.com\/index.php\/wp-json\/wp\/v2\/types\/product"}],"replies":[{"embeddable":true,"href":"https:\/\/venerra.com\/index.php\/wp-json\/wp\/v2\/comments?post=53"}],"wp:featuredmedia":[{"embeddable":true,"href":"https:\/\/venerra.com\/index.php\/wp-json\/wp\/v2\/media\/2170"}],"wp:attachment":[{"href":"https:\/\/venerra.com\/index.php\/wp-json\/wp\/v2\/media?parent=53"}],"wp:term":[{"taxonomy":"product_brand","embeddable":true,"href":"https:\/\/venerra.com\/index.php\/wp-json\/wp\/v2\/product_brand?post=53"},{"taxonomy":"product_cat","embeddable":true,"href":"https:\/\/venerra.com\/index.php\/wp-json\/wp\/v2\/product_cat?post=53"},{"taxonomy":"product_tag","embeddable":true,"href":"https:\/\/venerra.com\/index.php\/wp-json\/wp\/v2\/product_tag?post=53"}],"curies":[{"name":"wp","href":"https:\/\/api.w.org\/{rel}","templated":true}]}}